{"id":103,"date":"2022-10-27T17:54:13","date_gmt":"2022-10-27T17:54:13","guid":{"rendered":"https:\/\/veloz.app\/?page_id=103"},"modified":"2026-02-27T21:31:17","modified_gmt":"2026-02-27T21:31:17","slug":"afiliados","status":"publish","type":"page","link":"https:\/\/veloz.app\/","title":{"rendered":"Afiliados"},"content":{"rendered":"<p>__CONFIG_grupo_edici\u00f3n__{}__CONFIG_grupo_edici\u00f3n__<a data-id-d=\"0\" data-img-style=\"width: 100%;\"><img loading=\"lazy\" decoding=\"async\" src=\"http:\/\/veloz.app\/wp-content\/uploads\/2022\/10\/logoVelozBlancaa.png\" height=\"492\" width=\"494\" alt=\"\" style=\"width: 100%;\"><\/img><\/a><\/p>\n<p style=\"text-align: right;\"><span style=\"background-color: transparent;\">Veloz<\/span><\/p>\n<h3><span>SERVICIO DE ENTREGAS SOLO,&nbsp;<\/span><strong><span><span open=\"\"><strong><span style=\"--tcb-applied-color: rgb(122, 77, 77)  !important; color: rgb(255, 255, 255);\">PARA TIENDAS!.<\/span><\/strong><\/span><\/span><\/strong><strong><span><span open=\"\"><strong>&nbsp;<\/strong><\/span><\/span><\/strong><span><span> <\/span><\/span><\/h3>\n<h3 style=\"\"><span>S\u00daMATE A LAS TIENDAS QUE YA,&nbsp;<\/span><strong><span><span open=\"\"><strong><span style=\"--tcb-applied-color: rgb(122, 77, 77)  !important; color: rgb(255, 255, 255);\">USAN VELOZ!.<\/span><\/strong><\/span><\/span><\/strong><strong><span><span open=\"\"><strong>&nbsp;<\/strong><\/span><\/span><\/strong><span><span> <\/span><\/span><\/h3>\n<h3 style=\"text-align: center;\"><span style=\"\">Ingresa, descarga y configura la APP,<img decoding=\"async\" role=\"img\" alt=\"\ud83d\udc47\" src=\"https:\/\/s.w.org\/images\/core\/emoji\/14.0.0\/svg\/1f447.svg\"><img decoding=\"async\" role=\"img\" alt=\"\ud83d\udc47\" src=\"https:\/\/s.w.org\/images\/core\/emoji\/14.0.0\/svg\/1f447.svg\"><\/span><span style=\"\"><span style=\"\"> <\/span><\/span><\/h3>\n<h2 style=\"text-align: center;\"><b>\u00bfQU\u00c9 ES <span>VELOZ<\/span> ?&nbsp;<span><\/span><\/b><strong><span><span open=\"\"><strong>&nbsp;<\/strong><\/span><\/span><\/strong><\/h2>\n<p style=\"text-align: center;\">\n<h2 style=\"text-align: justify;\"><em>VELOZ es la primera plataforma con el potencial de ayudar a miles de due\u00f1os de tiendas y emprendedores a cotizar y solicitar sus entregas desde la comodidad de su negocio o su residencia.<\/em><\/h2>\n<h2 style=\"text-align: justify;\"><em><\/em><\/h2>\n<h2 style=\"text-align: justify;\"><em>Si te consideras una persona emprendedora y est\u00e1s en busca de soluciones innovadoras, est\u00e1s en el lugar correcto.<\/em><\/h2>\n<h1 style=\"text-align: center;\"><strong><span>MAS DE <span>1000<\/span> TIENDAS <\/span><\/strong><span><span open=\"\"><b><span>Afiliados est\u00e1n utilizando VELOZ.<\/span><\/b><\/span><\/span><span><span open=\"\"><b>&nbsp;<\/b><\/span><\/span><\/h1>\n<p><span><img decoding=\"async\" alt=\"\" data-id=\"320\" width=\"1224\" height=\"1584\" title=\"Imagen de WhatsApp 30-10-2022 a las 13.01.01 (1)\" src=\"http:\/\/veloz.app\/wp-content\/uploads\/2022\/10\/WhatsApp-Image-2022-10-30-at-1.01.01-PM-1-791x1024.jpeg\" data-src=\"http:\/\/veloz.app\/wp-content\/uploads\/2022\/10\/WhatsApp-Image-2022-10-30-at-1.01.01-PM-1-791x1024.jpeg\" loading=\"lazy\" data-sizes=\"{&quot;thumbnail&quot;:{&quot;height&quot;:150,&quot;width&quot;:150,&quot;url&quot;:&quot;http:\/\/veloz.app\/wp-content\/uploads\/2022\/10\/WhatsApp-Image-2022-10-30-at-1.01.01-PM-1-150x150.jpeg&quot;,&quot;orientation&quot;:&quot;landscape&quot;},&quot;medium&quot;:{&quot;height&quot;:300,&quot;width&quot;:232,&quot;url&quot;:&quot;http:\/\/veloz.app\/wp-content\/uploads\/2022\/10\/WhatsApp-Image-2022-10-30-at-1.01.01-PM-1-232x300.jpeg&quot;,&quot;orientation&quot;:&quot;portrait&quot;},&quot;large&quot;:{&quot;height&quot;:829,&quot;width&quot;:640,&quot;url&quot;:&quot;http:\/\/veloz.app\/wp-content\/uploads\/2022\/10\/WhatsApp-Image-2022-10-30-at-1.01.01-PM-1-791x1024.jpeg&quot;,&quot;orientation&quot;:&quot;portrait&quot;},&quot;full&quot;:{&quot;url&quot;:&quot;http:\/\/veloz.app\/wp-content\/uploads\/2022\/10\/WhatsApp-Image-2022-10-30-at-1.01.01-PM-1.jpeg&quot;,&quot;height&quot;:1584,&quot;width&quot;:1224,&quot;orientation&quot;:&quot;portrait&quot;}}\"><\/span><span><img decoding=\"async\" alt=\"\" data-id=\"319\" width=\"1224\" height=\"1584\" title=\"Imagen de WhatsApp 30-10-2022 a las 13.01.01 (1)\" src=\"http:\/\/veloz.app\/wp-content\/uploads\/2022\/10\/WhatsApp-Image-2022-10-30-at-1.01.01-PM-1-791x1024.png\" data-src=\"http:\/\/veloz.app\/wp-content\/uploads\/2022\/10\/WhatsApp-Image-2022-10-30-at-1.01.01-PM-1-791x1024.png\" loading=\"lazy\" data-sizes=\"{&quot;thumbnail&quot;:{&quot;height&quot;:150,&quot;width&quot;:150,&quot;url&quot;:&quot;http:\/\/veloz.app\/wp-content\/uploads\/2022\/10\/WhatsApp-Image-2022-10-30-at-1.01.01-PM-1-150x150.png&quot;,&quot;orientation&quot;:&quot;landscape&quot;},&quot;medium&quot;:{&quot;height&quot;:300,&quot;width&quot;:232,&quot;url&quot;:&quot;http:\/\/veloz.app\/wp-content\/uploads\/2022\/10\/WhatsApp-Image-2022-10-30-at-1.01.01-PM-1-232x300.png&quot;,&quot;orientation&quot;:&quot;portrait&quot;},&quot;large&quot;:{&quot;height&quot;:829,&quot;width&quot;:640,&quot;url&quot;:&quot;http:\/\/veloz.app\/wp-content\/uploads\/2022\/10\/WhatsApp-Image-2022-10-30-at-1.01.01-PM-1-791x1024.png&quot;,&quot;orientation&quot;:&quot;portrait&quot;},&quot;full&quot;:{&quot;url&quot;:&quot;http:\/\/veloz.app\/wp-content\/uploads\/2022\/10\/WhatsApp-Image-2022-10-30-at-1.01.01-PM-1.png&quot;,&quot;height&quot;:1584,&quot;width&quot;:1224,&quot;orientation&quot;:&quot;portrait&quot;}}\"><\/span><span><img decoding=\"async\" alt=\"\" data-id=\"323\" width=\"1224\" height=\"1584\" title=\"Imagen de WhatsApp 30-10-2022 a las 13.01.02 (1)\" src=\"http:\/\/veloz.app\/wp-content\/uploads\/2022\/10\/WhatsApp-Image-2022-10-30-at-1.01.02-PM-1-791x1024.jpeg\" data-src=\"http:\/\/veloz.app\/wp-content\/uploads\/2022\/10\/WhatsApp-Image-2022-10-30-at-1.01.02-PM-1-791x1024.jpeg\" loading=\"lazy\" data-sizes=\"{&quot;thumbnail&quot;:{&quot;height&quot;:150,&quot;width&quot;:150,&quot;url&quot;:&quot;http:\/\/veloz.app\/wp-content\/uploads\/2022\/10\/WhatsApp-Image-2022-10-30-at-1.01.02-PM-1-150x150.jpeg&quot;,&quot;orientation&quot;:&quot;landscape&quot;},&quot;medium&quot;:{&quot;height&quot;:300,&quot;width&quot;:232,&quot;url&quot;:&quot;http:\/\/veloz.app\/wp-content\/uploads\/2022\/10\/WhatsApp-Image-2022-10-30-at-1.01.02-PM-1-232x300.jpeg&quot;,&quot;orientation&quot;:&quot;portrait&quot;},&quot;large&quot;:{&quot;height&quot;:829,&quot;width&quot;:640,&quot;url&quot;:&quot;http:\/\/veloz.app\/wp-content\/uploads\/2022\/10\/WhatsApp-Image-2022-10-30-at-1.01.02-PM-1-791x1024.jpeg&quot;,&quot;orientation&quot;:&quot;portrait&quot;},&quot;full&quot;:{&quot;url&quot;:&quot;http:\/\/veloz.app\/wp-content\/uploads\/2022\/10\/WhatsApp-Image-2022-10-30-at-1.01.02-PM-1.jpeg&quot;,&quot;height&quot;:1584,&quot;width&quot;:1224,&quot;orientation&quot;:&quot;portrait&quot;}}\"><\/span><span><img decoding=\"async\" alt=\"\" data-id=\"324\" width=\"1224\" height=\"1584\" title=\"Imagen de WhatsApp 30-10-2022 a las 13.01.02\" src=\"http:\/\/veloz.app\/wp-content\/uploads\/2022\/10\/WhatsApp-Image-2022-10-30-at-1.01.02-PM-791x1024.jpeg\" data-src=\"http:\/\/veloz.app\/wp-content\/uploads\/2022\/10\/WhatsApp-Image-2022-10-30-at-1.01.02-PM-791x1024.jpeg\" loading=\"lazy\" data-sizes=\"{&quot;thumbnail&quot;:{&quot;height&quot;:150,&quot;width&quot;:150,&quot;url&quot;:&quot;http:\/\/veloz.app\/wp-content\/uploads\/2022\/10\/WhatsApp-Image-2022-10-30-at-1.01.02-PM-150x150.jpeg&quot;,&quot;orientation&quot;:&quot;landscape&quot;},&quot;medium&quot;:{&quot;height&quot;:300,&quot;width&quot;:232,&quot;url&quot;:&quot;http:\/\/veloz.app\/wp-content\/uploads\/2022\/10\/WhatsApp-Image-2022-10-30-at-1.01.02-PM-232x300.jpeg&quot;,&quot;orientation&quot;:&quot;portrait&quot;},&quot;large&quot;:{&quot;height&quot;:829,&quot;width&quot;:640,&quot;url&quot;:&quot;http:\/\/veloz.app\/wp-content\/uploads\/2022\/10\/WhatsApp-Image-2022-10-30-at-1.01.02-PM-791x1024.jpeg&quot;,&quot;orientation&quot;:&quot;portrait&quot;},&quot;full&quot;:{&quot;url&quot;:&quot;http:\/\/veloz.app\/wp-content\/uploads\/2022\/10\/WhatsApp-Image-2022-10-30-at-1.01.02-PM.jpeg&quot;,&quot;height&quot;:1584,&quot;width&quot;:1224,&quot;orientation&quot;:&quot;portrait&quot;}}\"><\/span><span><img decoding=\"async\" alt=\"\" data-id=\"321\" width=\"1224\" height=\"1584\" title=\"Imagen de WhatsApp 30-10-2022 a las 13.01.01 (2)\" src=\"http:\/\/veloz.app\/wp-content\/uploads\/2022\/10\/WhatsApp-Image-2022-10-30-at-1.01.01-PM-2-791x1024.jpeg\" data-src=\"http:\/\/veloz.app\/wp-content\/uploads\/2022\/10\/WhatsApp-Image-2022-10-30-at-1.01.01-PM-2-791x1024.jpeg\" loading=\"lazy\" data-sizes=\"{&quot;thumbnail&quot;:{&quot;height&quot;:150,&quot;width&quot;:150,&quot;url&quot;:&quot;http:\/\/veloz.app\/wp-content\/uploads\/2022\/10\/WhatsApp-Image-2022-10-30-at-1.01.01-PM-2-150x150.jpeg&quot;,&quot;orientation&quot;:&quot;landscape&quot;},&quot;medium&quot;:{&quot;height&quot;:300,&quot;width&quot;:232,&quot;url&quot;:&quot;http:\/\/veloz.app\/wp-content\/uploads\/2022\/10\/WhatsApp-Image-2022-10-30-at-1.01.01-PM-2-232x300.jpeg&quot;,&quot;orientation&quot;:&quot;portrait&quot;},&quot;large&quot;:{&quot;height&quot;:829,&quot;width&quot;:640,&quot;url&quot;:&quot;http:\/\/veloz.app\/wp-content\/uploads\/2022\/10\/WhatsApp-Image-2022-10-30-at-1.01.01-PM-2-791x1024.jpeg&quot;,&quot;orientation&quot;:&quot;portrait&quot;},&quot;full&quot;:{&quot;url&quot;:&quot;http:\/\/veloz.app\/wp-content\/uploads\/2022\/10\/WhatsApp-Image-2022-10-30-at-1.01.01-PM-2.jpeg&quot;,&quot;height&quot;:1584,&quot;width&quot;:1224,&quot;orientation&quot;:&quot;portrait&quot;}}\"><\/span><span><img decoding=\"async\" alt=\"\" data-id=\"322\" width=\"1224\" height=\"1584\" title=\"Imagen de WhatsApp 2022-10-30 a las 13.01.01\" src=\"http:\/\/veloz.app\/wp-content\/uploads\/2022\/10\/WhatsApp-Image-2022-10-30-at-1.01.01-PM-791x1024.jpeg\" data-src=\"http:\/\/veloz.app\/wp-content\/uploads\/2022\/10\/WhatsApp-Image-2022-10-30-at-1.01.01-PM-791x1024.jpeg\" loading=\"lazy\" data-sizes=\"{&quot;thumbnail&quot;:{&quot;height&quot;:150,&quot;width&quot;:150,&quot;url&quot;:&quot;http:\/\/veloz.app\/wp-content\/uploads\/2022\/10\/WhatsApp-Image-2022-10-30-at-1.01.01-PM-150x150.jpeg&quot;,&quot;orientation&quot;:&quot;landscape&quot;},&quot;medium&quot;:{&quot;height&quot;:300,&quot;width&quot;:232,&quot;url&quot;:&quot;http:\/\/veloz.app\/wp-content\/uploads\/2022\/10\/WhatsApp-Image-2022-10-30-at-1.01.01-PM-232x300.jpeg&quot;,&quot;orientation&quot;:&quot;portrait&quot;},&quot;large&quot;:{&quot;height&quot;:829,&quot;width&quot;:640,&quot;url&quot;:&quot;http:\/\/veloz.app\/wp-content\/uploads\/2022\/10\/WhatsApp-Image-2022-10-30-at-1.01.01-PM-791x1024.jpeg&quot;,&quot;orientation&quot;:&quot;portrait&quot;},&quot;full&quot;:{&quot;url&quot;:&quot;http:\/\/veloz.app\/wp-content\/uploads\/2022\/10\/WhatsApp-Image-2022-10-30-at-1.01.01-PM.jpeg&quot;,&quot;height&quot;:1584,&quot;width&quot;:1224,&quot;orientation&quot;:&quot;portrait&quot;}}\"><\/span><\/p>\n<h3 style=\"text-align: center;\">\u00a1Af\u00edliate!&nbsp; cupos limitados<\/h3>\n<p><span style=\"\">Clientes atendidos!<\/span><span data-anim=\"ticker\" data-refresh-interval=\"10\" data-from=\"100\" data-formatted-from=\"100.0\" data-to=\"126\" data-final-number=\"126.0\" data-decimals=\"1\" data-thousand-divider=\",\" data-decimal-character=\".\" data-speed=\"4007\"><span style=\"\"><\/span><span style=\"\">100<\/span><span style=\"\"><\/span><\/span><span style=\"\">\u00a1Clientes atendidos HOY!<\/span><\/p>\n<h2 style=\"text-align: center;\"><strong>Obtenga acceso a todo nuestro sistema <span>GRATIS<\/span>&nbsp;<span><\/span><\/strong><strong><span><span open=\"\"><strong><\/strong><\/span><\/span><\/strong><span><span style=\"--tcb-applied-color: rgb(0, 0, 0)  !important; color: rgb(0, 0, 0);\"><\/span><span style=\"--tcb-applied-color: rgb(221, 47, 47)  !important; color: rgb(255, 0, 0);\"> <\/span><\/span><\/h2>\n<p><span style=\"\"><img decoding=\"async\" alt=\"\" data-id=\"2321\" width=\"114\" data-init-width=\"540\" height=\"247\" data-init-height=\"1170\" title=\"Imagen de WhatsApp 2022-10-25 a las 18:05:25 (1)\" loading=\"lazy\" src=\"http:\/\/veloz.app\/wp-content\/uploads\/2022\/10\/WhatsApp-Image-2022-10-25-at-6.05.25-PM-1.jpeg\" data-width=\"114\" data-height=\"247\" style=\"aspect-ratio: auto 540 \/ 1170;\" mt-d=\"-5.375\" ml-d=\"0\" data-link-wrap=\"true\"><\/span><\/p>\n<p style=\"text-align: center;\"><b>Consultar costos en segundos<\/b><\/p>\n<p style=\"text-align: center;\"><em><span open=\"\" style=\"font-weight: 400; font-family: &quot;Open Sans&quot;;\">Acceso directo para consultar costos de env\u00edo en solo segundos.&nbsp;<\/span><\/em><\/p>\n<p><span style=\"\"><img decoding=\"async\" alt=\"\" data-id=\"2320\" width=\"114\" data-init-width=\"540\" height=\"247\" data-init-height=\"1170\" title=\"Imagen de WhatsApp 2022-10-25 a las 18.05.26\" loading=\"lazy\" src=\"http:\/\/veloz.app\/wp-content\/uploads\/2022\/10\/WhatsApp-Image-2022-10-25-at-6.05.26-PM.jpeg\" data-width=\"114\" data-height=\"247\" style=\"aspect-ratio: auto 540 \/ 1170;\" mt-d=\"-5.375\" ml-d=\"0\"><\/span><\/p>\n<p style=\"text-align: center;\"><b>Solicita tus entregas<\/b><\/p>\n<p style=\"text-align: center;\"><span open=\"\" style=\"font-weight: 400; font-family: &quot;Open Sans&quot;;\">Solicita tus entregas de forma f\u00e1cil, segura y sin complicaciones.&nbsp;<\/span><\/p>\n<p><span style=\"\"><img decoding=\"async\" alt=\"\" data-id=\"2323\" width=\"114\" data-init-width=\"540\" height=\"247\" data-init-height=\"1170\" title=\"Imagen de WhatsApp 2022-10-25 a las 18.12.27\" loading=\"lazy\" src=\"http:\/\/veloz.app\/wp-content\/uploads\/2022\/10\/WhatsApp-Image-2022-10-25-at-6.12.27-PM.jpeg\" data-width=\"114\" data-height=\"247\" style=\"aspect-ratio: auto 540 \/ 1170;\" mt-d=\"-5.375\" ml-d=\"0\"><\/span><\/p>\n<p style=\"text-align: center;\"><b>Registro de todas tus entregas<\/b><\/p>\n<p style=\"text-align: center;\"><span open=\"\" style=\"font-weight: 400; font-family: &quot;Open Sans&quot;;\">Todas tus entregas quedar\u00e1n registradas y podr\u00e1s tener un control completo&nbsp;<\/span><\/p>\n<p style=\"\"><strong>Lo que aprender\u00e1s<\/strong><\/p>\n<ul>\n<li><span style=\"\"><em>C\u00f3mo funciona todo nuestro sistema<\/em><\/span><\/li>\n<li><span style=\"\"><em>C <\/em><em>omo consultar costos de env\u00edos en solo segundos<\/em><\/span><\/li>\n<li><span style=\"\"><em>Como programar tus env\u00edos al instante<\/em><\/span><\/li>\n<li><span style=\"\"><em>Como ingresar tus art\u00edculos y vender sin limitaciones .<\/em><\/span><\/li>\n<\/ul>\n<p><span><img decoding=\"async\" alt=\"\" data-id=\"148\" width=\"286\" data-init-width=\"512\" height=\"286\" data-init-height=\"512\" title=\"logo recortadoVelozBlancaa.png\" loading=\"lazy\" src=\"\/\/veloz.app\/wp-content\/uploads\/2022\/10\/cropped-cropped-logoVelozBlancaa.png\" data-width=\"286\" data-height=\"286\" style=\"aspect-ratio: auto 512 \/ 512;\"><\/span><\/p>\n<h3 style=\"text-align: center;\">\u00a1Af\u00edliate!&nbsp; cupos limitados<\/h3>\n<p><span style=\"\">Clientes atendidos!<\/span><span data-anim=\"ticker\" data-refresh-interval=\"10\" data-from=\"100\" data-formatted-from=\"100.0\" data-to=\"2617\" data-final-number=\"2,617.0\" data-decimals=\"1\" data-thousand-divider=\",\" data-decimal-character=\".\" data-speed=\"4007\"><span style=\"\"><\/span><span style=\"\">100<\/span><span style=\"\"><\/span><\/span><span style=\"\"><em>\u00a1Clientes atendidos!<\/em><\/span><\/p>\n","protected":false},"excerpt":{"rendered":"<p>__CONFIG_grupo_edici\u00f3n__{}__CONFIG_grupo_edici\u00f3n__ Veloz SERVICIO DE ENTREGAS SOLO,&nbsp;PARA TIENDAS!.&nbsp; S\u00daMATE A LAS TIENDAS QUE YA,&nbsp;USAN VELOZ!.&nbsp; Ingresa, descarga y configura la APP, \u00bfQU\u00c9 ES VELOZ ?&nbsp;&nbsp; VELOZ es la primera plataforma con el potencial de ayudar a miles de due\u00f1os de tiendas y emprendedores a cotizar y solicitar sus entregas desde la comodidad de su negocio o &hellip; <\/p>\n<p class=\"link-more\"><a href=\"https:\/\/veloz.app\/\" class=\"more-link\">Seguir leyendo<span class=\"screen-reader-text\"> \u00abAfiliados\u00bb<\/span><\/a><\/p>\n","protected":false},"author":2,"featured_media":0,"parent":0,"menu_order":0,"comment_status":"closed","ping_status":"closed","template":"","meta":{"footnotes":""},"class_list":["post-103","page","type-page","status-publish","hentry","entry"],"_links":{"self":[{"href":"https:\/\/veloz.app\/index.php?rest_route=\/wp\/v2\/pages\/103","targetHints":{"allow":["GET"]}}],"collection":[{"href":"https:\/\/veloz.app\/index.php?rest_route=\/wp\/v2\/pages"}],"about":[{"href":"https:\/\/veloz.app\/index.php?rest_route=\/wp\/v2\/types\/page"}],"author":[{"embeddable":true,"href":"https:\/\/veloz.app\/index.php?rest_route=\/wp\/v2\/users\/2"}],"replies":[{"embeddable":true,"href":"https:\/\/veloz.app\/index.php?rest_route=%2Fwp%2Fv2%2Fcomments&post=103"}],"version-history":[{"count":111,"href":"https:\/\/veloz.app\/index.php?rest_route=\/wp\/v2\/pages\/103\/revisions"}],"predecessor-version":[{"id":1385,"href":"https:\/\/veloz.app\/index.php?rest_route=\/wp\/v2\/pages\/103\/revisions\/1385"}],"wp:attachment":[{"href":"https:\/\/veloz.app\/index.php?rest_route=%2Fwp%2Fv2%2Fmedia&parent=103"}],"curies":[{"name":"wp","href":"https:\/\/api.w.org\/{rel}","templated":true}]}}